{"id":14,"date":"2025-01-21T09:09:37","date_gmt":"2025-01-21T08:09:37","guid":{"rendered":"http:\/\/www.gotaspare.com\/?page_id=14"},"modified":"2025-03-14T09:39:48","modified_gmt":"2025-03-14T08:39:48","slug":"vara-tjanster","status":"publish","type":"page","link":"http:\/\/www.gotaspare.com\/en\/vara-tjanster\/","title":{"rendered":"SERVICES"},"content":{"rendered":"\n<div class=\"wp-block-group has-global-padding is-layout-constrained wp-block-group-is-layout-constrained\">\n<h2 class=\"wp-block-heading has-text-align-center\"><strong>FAST, RELIABLE MARITIME SERVICE<\/strong><\/h2>\n\n\n\n<hr class=\"wp-block-separator has-alpha-channel-opacity\"\/>\n\n\n\n<p>Time is critical in the maritime industry, and we understand that. That\u2019s why <strong>GOTA Spare Parts and Service AB<\/strong> is committed to providing <strong>fast and reliable service<\/strong> for all your ship\u2019s heating and boiler system needs. From routine maintenance to emergency repairs, we ensure minimal downtime and maximum efficiency.<\/p>\n\n\n\n<h6 class=\"wp-block-heading\"><strong>Our core areas of expertise are<\/strong><\/h6>\n\n\n\n<ul class=\"wp-block-list\">\n<li>Boiler service and repairs<\/li>\n\n\n\n<li>Burner maintenance and troubleshooting<\/li>\n\n\n\n<li>Heating system installations and upgrades<\/li>\n\n\n\n<li>Spare parts supply for maritime heating systems<\/li>\n\n\n\n<li>Emergency repairs and technical consultancy<\/li>\n<\/ul>\n\n\n\n<div style=\"height:50px\" aria-hidden=\"true\" class=\"wp-block-spacer\"><\/div>\n<\/div>\n\n\n\n<div style=\"background-image:url(&#039;http:\/\/www.gotaspare.com\/wp-content\/uploads\/2025\/01\/pexels-nickoloui-1416649-scaled.jpg&#039;);background-position:24% 56.00000000000001%;background-size:cover;\" class=\"wp-block-group has-global-padding is-layout-constrained wp-block-group-is-layout-constrained has-background\">\n<div style=\"height:25px\" aria-hidden=\"true\" class=\"wp-block-spacer\"><\/div>\n\n\n\n<h2 class=\"wp-block-heading has-text-align-center has-base-color has-text-color has-link-color wp-elements-d98598258003efc63b3fc224177fe05a\"><strong>PROJECT MANAGEMENT<\/strong><\/h2>\n\n\n\n<hr class=\"wp-block-separator has-text-color has-base-color has-alpha-channel-opacity has-base-background-color has-background\"\/>\n\n\n\n<p class=\"has-base-color has-text-color has-link-color wp-elements-d3d05dd98845ab83e53dda107379f149\">At GOTA Spare Parts and Service AB, we ensure that maritime energy system projects are managed by experienced professionals. We collaborate closely with <strong>GESAB<\/strong>, a trusted name in energy systems, by forwarding projects to their skilled project managers. This guarantees efficient and sustainable solutions tailored to our clients needs.<\/p>\n\n\n\n<div style=\"height:71px\" aria-hidden=\"true\" class=\"wp-block-spacer\"><\/div>\n<\/div>\n\n\n\n<div class=\"wp-block-group has-global-padding is-layout-constrained wp-block-group-is-layout-constrained\">\n<div style=\"height:25px\" aria-hidden=\"true\" class=\"wp-block-spacer\"><\/div>\n\n\n\n<h2 class=\"wp-block-heading has-text-align-center\">Gallery <\/h2>\n\n\n<div id=\"metaslider-id-182\" style=\"max-width: 400px;\" class=\"ml-slider-3-99-0 metaslider metaslider-flex metaslider-182 ml-slider ms-theme-default\" role=\"region\" aria-label=\"New Slideshow\" data-width=\"400\">\n    <div id=\"metaslider_container_182\">\n        <div id=\"metaslider_182\">\n            <ul class='slides'>\n                <li style=\"display: block; width: 100%;\" class=\"slide-183 ms-image \" aria-roledescription=\"slide\" data-date=\"2025-01-29 12:40:59\"><img loading=\"lazy\" decoding=\"async\" src=\"http:\/\/www.gotaspare.com\/wp-content\/uploads\/2025\/01\/PXL_20231214_130505364-scaled-400x250.jpg\" height=\"250\" width=\"400\" alt=\"\" class=\"slider-182 slide-183 msDefaultImage\" title=\"R\u00f6kgasm\u00e4tning i fartygsbr\u00e4nnare\" \/><div class=\"caption-wrap\"><div class=\"caption\">Smartphone som visar r\u00f6kgasv\u00e4rden under servicearbete p\u00e5 en marin panna<\/div><\/div><\/li>\n                <li style=\"display: none; width: 100%;\" class=\"slide-184 ms-image \" aria-roledescription=\"slide\" data-date=\"2025-01-29 12:40:59\"><img loading=\"lazy\" decoding=\"async\" src=\"http:\/\/www.gotaspare.com\/wp-content\/uploads\/2025\/01\/IB-Ymer-scaled-400x250.jpg\" height=\"250\" width=\"400\" alt=\"\" class=\"slider-182 slide-184 msDefaultImage\" title=\"IB Ymer\" \/><div class=\"caption-wrap\"><div class=\"caption\">Pannsystem p\u00e5 fartyg\n<\/div><\/div><\/li>\n                <li style=\"display: none; width: 100%;\" class=\"slide-185 ms-image \" aria-roledescription=\"slide\" data-date=\"2025-01-29 12:40:59\"><img loading=\"lazy\" decoding=\"async\" src=\"http:\/\/www.gotaspare.com\/wp-content\/uploads\/2025\/01\/Bitfjord-scaled-400x250.jpg\" height=\"250\" width=\"400\" alt=\"\" class=\"slider-182 slide-185 msDefaultImage\" title=\"Dystopisk vy i asfalttanker\" \/><div class=\"caption-wrap\"><div class=\"caption\">Stege som leder upp ur en m\u00f6rk asfalttanker under inspektion av GOTA Spare Parts &amp; Service i Haag<\/div><\/div><\/li>\n                <li style=\"display: none; width: 100%;\" class=\"slide-186 ms-image \" aria-roledescription=\"slide\" data-date=\"2025-01-29 12:40:59\"><img loading=\"lazy\" decoding=\"async\" src=\"http:\/\/www.gotaspare.com\/wp-content\/uploads\/2025\/01\/PXL_20240403_075409095-scaled-400x250.jpg\" height=\"250\" width=\"400\" alt=\"\" class=\"slider-182 slide-186 msDefaultImage\" title=\"Ny betonggjutning p\u00e5 lock\" \/><div class=\"caption-wrap\"><div class=\"caption\">Ny betonggjutning p\u00e5 lock, utf\u00f6rd av GOTA Spare Parts &amp; Service f\u00f6r maritim anv\u00e4ndning<\/div><\/div><\/li>\n                <li style=\"display: none; width: 100%;\" class=\"slide-187 ms-image \" aria-roledescription=\"slide\" data-date=\"2025-01-29 12:40:59\"><img loading=\"lazy\" decoding=\"async\" src=\"http:\/\/www.gotaspare.com\/wp-content\/uploads\/2025\/01\/PXL_20240402_095728018-scaled-400x250.jpg\" height=\"250\" width=\"400\" alt=\"\" class=\"slider-182 slide-187 msDefaultImage\" title=\"Jigg jobb i verkstad\" \/><\/li>\n                <li style=\"display: none; width: 100%;\" class=\"slide-188 ms-image \" aria-roledescription=\"slide\" data-date=\"2025-01-29 12:40:59\"><img loading=\"lazy\" decoding=\"async\" src=\"http:\/\/www.gotaspare.com\/wp-content\/uploads\/2025\/01\/PXL_20240321_105843858-scaled-400x250.jpg\" height=\"250\" width=\"400\" alt=\"\" class=\"slider-182 slide-188 msDefaultImage\" title=\"adapterspool (t.ex. ANSI, DIN eller JIS)\" \/><\/li>\n                <li style=\"display: none; width: 100%;\" class=\"slide-189 ms-image \" aria-roledescription=\"slide\" data-date=\"2025-01-29 12:40:59\"><img loading=\"lazy\" decoding=\"async\" src=\"http:\/\/www.gotaspare.com\/wp-content\/uploads\/2025\/01\/20141028_022610-scaled-400x250.jpg\" height=\"250\" width=\"400\" alt=\"\" class=\"slider-182 slide-189 msDefaultImage\" title=\"Lucksvetsning\" \/><\/li>\n                <li style=\"display: none; width: 100%;\" class=\"slide-190 ms-image \" aria-roledescription=\"slide\" data-date=\"2025-01-29 12:40:59\"><img loading=\"lazy\" decoding=\"async\" src=\"http:\/\/www.gotaspare.com\/wp-content\/uploads\/2025\/01\/20141028_025848-scaled-400x250.jpg\" height=\"250\" width=\"400\" alt=\"\" class=\"slider-182 slide-190 msDefaultImage\" title=\"Lucksvetsning\" \/><\/li>\n                <li style=\"display: none; width: 100%;\" class=\"slide-191 ms-image \" aria-roledescription=\"slide\" data-date=\"2025-01-29 12:40:59\"><img loading=\"lazy\" decoding=\"async\" src=\"http:\/\/www.gotaspare.com\/wp-content\/uploads\/2025\/01\/20141123_080547-scaled-e1737556772215-400x250.jpg\" height=\"250\" width=\"400\" alt=\"\" class=\"slider-182 slide-191 msDefaultImage\" title=\"Gjutning och montering av lock\" \/><div class=\"caption-wrap\"><div class=\"caption\">Ett nygjutet lock lyfts p\u00e5 plats i ett marint pannsystem av GOTA Spare Parts &amp; Service.\u201d<\/div><\/div><\/li>\n            <\/ul>\n        <\/div>\n        \n    <\/div>\n<\/div>\n<\/div>\n","protected":false},"excerpt":{"rendered":"<p>FAST, RELIABLE MARITIME SERVICE Time is critical in the maritime industry, and we understand that. That\u2019s why GOTA Spare Parts and Service AB is committed to providing fast and reliable service for all your ship\u2019s heating and boiler system needs. From routine maintenance to emergency repairs, we ensure minimal downtime and maximum efficiency. Our core [&hellip;]<\/p>\n","protected":false},"author":1,"featured_media":0,"parent":0,"menu_order":0,"comment_status":"closed","ping_status":"closed","template":"","meta":{"footnotes":""},"class_list":["post-14","page","type-page","status-publish","hentry"],"yoast_head":"<!-- This site is optimized with the Yoast SEO plugin v25.4 - https:\/\/yoast.com\/wordpress\/plugins\/seo\/ -->\n<title>SERVICES - GOTA Spare Parts and Service AB<\/title>\n<meta name=\"robots\" content=\"index, follow, max-snippet:-1, max-image-preview:large, max-video-preview:-1\" \/>\n<link rel=\"canonical\" href=\"http:\/\/www.gotaspare.com\/en\/vara-tjanster\/\" \/>\n<meta property=\"og:locale\" content=\"en_US\" \/>\n<meta property=\"og:type\" content=\"article\" \/>\n<meta property=\"og:title\" content=\"SERVICES - GOTA Spare Parts and Service AB\" \/>\n<meta property=\"og:description\" content=\"FAST, RELIABLE MARITIME SERVICE Time is critical in the maritime industry, and we understand that. That\u2019s why GOTA Spare Parts and Service AB is committed to providing fast and reliable service for all your ship\u2019s heating and boiler system needs. From routine maintenance to emergency repairs, we ensure minimal downtime and maximum efficiency. Our core [&hellip;]\" \/>\n<meta property=\"og:url\" content=\"http:\/\/www.gotaspare.com\/en\/vara-tjanster\/\" \/>\n<meta property=\"og:site_name\" content=\"GOTA Spare Parts and Service AB\" \/>\n<meta property=\"article:modified_time\" content=\"2025-03-14T08:39:48+00:00\" \/>\n<meta name=\"twitter:card\" content=\"summary_large_image\" \/>\n<meta name=\"twitter:label1\" content=\"Est. reading time\" \/>\n\t<meta name=\"twitter:data1\" content=\"1 minute\" \/>\n<script type=\"application\/ld+json\" class=\"yoast-schema-graph\">{\"@context\":\"https:\/\/schema.org\",\"@graph\":[{\"@type\":\"WebPage\",\"@id\":\"http:\/\/www.gotaspare.com\/sv\/vara-tjanster\/\",\"url\":\"http:\/\/www.gotaspare.com\/sv\/vara-tjanster\/\",\"name\":\"SERVICES - GOTA Spare Parts and Service AB\",\"isPartOf\":{\"@id\":\"https:\/\/www.gotaspare.com\/en\/#website\"},\"datePublished\":\"2025-01-21T08:09:37+00:00\",\"dateModified\":\"2025-03-14T08:39:48+00:00\",\"breadcrumb\":{\"@id\":\"http:\/\/www.gotaspare.com\/sv\/vara-tjanster\/#breadcrumb\"},\"inLanguage\":\"en-US\",\"potentialAction\":[{\"@type\":\"ReadAction\",\"target\":[\"http:\/\/www.gotaspare.com\/sv\/vara-tjanster\/\"]}]},{\"@type\":\"BreadcrumbList\",\"@id\":\"http:\/\/www.gotaspare.com\/sv\/vara-tjanster\/#breadcrumb\",\"itemListElement\":[{\"@type\":\"ListItem\",\"position\":1,\"name\":\"Home\",\"item\":\"https:\/\/www.gotaspare.com\/en\/\"},{\"@type\":\"ListItem\",\"position\":2,\"name\":\"SERVICES\"}]},{\"@type\":\"WebSite\",\"@id\":\"https:\/\/www.gotaspare.com\/en\/#website\",\"url\":\"https:\/\/www.gotaspare.com\/en\/\",\"name\":\"GOTA Spare Parts and Service AB\",\"description\":\"\",\"publisher\":{\"@id\":\"https:\/\/www.gotaspare.com\/en\/#organization\"},\"potentialAction\":[{\"@type\":\"SearchAction\",\"target\":{\"@type\":\"EntryPoint\",\"urlTemplate\":\"https:\/\/www.gotaspare.com\/en\/?s={search_term_string}\"},\"query-input\":{\"@type\":\"PropertyValueSpecification\",\"valueRequired\":true,\"valueName\":\"search_term_string\"}}],\"inLanguage\":\"en-US\"},{\"@type\":\"Organization\",\"@id\":\"https:\/\/www.gotaspare.com\/en\/#organization\",\"name\":\"GOTA Spare Parts and Service AB\",\"url\":\"https:\/\/www.gotaspare.com\/en\/\",\"logo\":{\"@type\":\"ImageObject\",\"inLanguage\":\"en-US\",\"@id\":\"https:\/\/www.gotaspare.com\/en\/#\/schema\/logo\/image\/\",\"url\":\"http:\/\/www.gotaspare.com\/wp-content\/uploads\/2025\/01\/GOTA-Main-Logo-2400x1800-1.jpg\",\"contentUrl\":\"http:\/\/www.gotaspare.com\/wp-content\/uploads\/2025\/01\/GOTA-Main-Logo-2400x1800-1.jpg\",\"width\":2400,\"height\":1800,\"caption\":\"GOTA Spare Parts and Service AB\"},\"image\":{\"@id\":\"https:\/\/www.gotaspare.com\/en\/#\/schema\/logo\/image\/\"},\"sameAs\":[\"https:\/\/www.linkedin.com\/company\/gota-spare-parts-and-service-ab\/\"]}]}<\/script>\n<!-- \/ Yoast SEO plugin. -->","yoast_head_json":{"title":"SERVICES - GOTA Spare Parts and Service AB","robots":{"index":"index","follow":"follow","max-snippet":"max-snippet:-1","max-image-preview":"max-image-preview:large","max-video-preview":"max-video-preview:-1"},"canonical":"http:\/\/www.gotaspare.com\/en\/vara-tjanster\/","og_locale":"en_US","og_type":"article","og_title":"SERVICES - GOTA Spare Parts and Service AB","og_description":"FAST, RELIABLE MARITIME SERVICE Time is critical in the maritime industry, and we understand that. That\u2019s why GOTA Spare Parts and Service AB is committed to providing fast and reliable service for all your ship\u2019s heating and boiler system needs. From routine maintenance to emergency repairs, we ensure minimal downtime and maximum efficiency. Our core [&hellip;]","og_url":"http:\/\/www.gotaspare.com\/en\/vara-tjanster\/","og_site_name":"GOTA Spare Parts and Service AB","article_modified_time":"2025-03-14T08:39:48+00:00","twitter_card":"summary_large_image","twitter_misc":{"Est. reading time":"1 minute"},"schema":{"@context":"https:\/\/schema.org","@graph":[{"@type":"WebPage","@id":"http:\/\/www.gotaspare.com\/sv\/vara-tjanster\/","url":"http:\/\/www.gotaspare.com\/sv\/vara-tjanster\/","name":"SERVICES - GOTA Spare Parts and Service AB","isPartOf":{"@id":"https:\/\/www.gotaspare.com\/en\/#website"},"datePublished":"2025-01-21T08:09:37+00:00","dateModified":"2025-03-14T08:39:48+00:00","breadcrumb":{"@id":"http:\/\/www.gotaspare.com\/sv\/vara-tjanster\/#breadcrumb"},"inLanguage":"en-US","potentialAction":[{"@type":"ReadAction","target":["http:\/\/www.gotaspare.com\/sv\/vara-tjanster\/"]}]},{"@type":"BreadcrumbList","@id":"http:\/\/www.gotaspare.com\/sv\/vara-tjanster\/#breadcrumb","itemListElement":[{"@type":"ListItem","position":1,"name":"Home","item":"https:\/\/www.gotaspare.com\/en\/"},{"@type":"ListItem","position":2,"name":"SERVICES"}]},{"@type":"WebSite","@id":"https:\/\/www.gotaspare.com\/en\/#website","url":"https:\/\/www.gotaspare.com\/en\/","name":"GOTA Spare Parts and Service AB","description":"","publisher":{"@id":"https:\/\/www.gotaspare.com\/en\/#organization"},"potentialAction":[{"@type":"SearchAction","target":{"@type":"EntryPoint","urlTemplate":"https:\/\/www.gotaspare.com\/en\/?s={search_term_string}"},"query-input":{"@type":"PropertyValueSpecification","valueRequired":true,"valueName":"search_term_string"}}],"inLanguage":"en-US"},{"@type":"Organization","@id":"https:\/\/www.gotaspare.com\/en\/#organization","name":"GOTA Spare Parts and Service AB","url":"https:\/\/www.gotaspare.com\/en\/","logo":{"@type":"ImageObject","inLanguage":"en-US","@id":"https:\/\/www.gotaspare.com\/en\/#\/schema\/logo\/image\/","url":"http:\/\/www.gotaspare.com\/wp-content\/uploads\/2025\/01\/GOTA-Main-Logo-2400x1800-1.jpg","contentUrl":"http:\/\/www.gotaspare.com\/wp-content\/uploads\/2025\/01\/GOTA-Main-Logo-2400x1800-1.jpg","width":2400,"height":1800,"caption":"GOTA Spare Parts and Service AB"},"image":{"@id":"https:\/\/www.gotaspare.com\/en\/#\/schema\/logo\/image\/"},"sameAs":["https:\/\/www.linkedin.com\/company\/gota-spare-parts-and-service-ab\/"]}]}},"_links":{"self":[{"href":"http:\/\/www.gotaspare.com\/en\/wp-json\/wp\/v2\/pages\/14","targetHints":{"allow":["GET"]}}],"collection":[{"href":"http:\/\/www.gotaspare.com\/en\/wp-json\/wp\/v2\/pages"}],"about":[{"href":"http:\/\/www.gotaspare.com\/en\/wp-json\/wp\/v2\/types\/page"}],"author":[{"embeddable":true,"href":"http:\/\/www.gotaspare.com\/en\/wp-json\/wp\/v2\/users\/1"}],"replies":[{"embeddable":true,"href":"http:\/\/www.gotaspare.com\/en\/wp-json\/wp\/v2\/comments?post=14"}],"version-history":[{"count":18,"href":"http:\/\/www.gotaspare.com\/en\/wp-json\/wp\/v2\/pages\/14\/revisions"}],"predecessor-version":[{"id":263,"href":"http:\/\/www.gotaspare.com\/en\/wp-json\/wp\/v2\/pages\/14\/revisions\/263"}],"wp:attachment":[{"href":"http:\/\/www.gotaspare.com\/en\/wp-json\/wp\/v2\/media?parent=14"}],"curies":[{"name":"wp","href":"https:\/\/api.w.org\/{rel}","templated":true}]}}