{"id":46,"date":"2025-01-22T11:45:02","date_gmt":"2025-01-22T10:45:02","guid":{"rendered":"http:\/\/www.gotaspare.com\/?page_id=46"},"modified":"2025-03-14T09:50:05","modified_gmt":"2025-03-14T08:50:05","slug":"testimonials","status":"publish","type":"page","link":"http:\/\/www.gotaspare.com\/en\/testimonials\/","title":{"rendered":"TESTIMONIALS"},"content":{"rendered":"\n<div class=\"wp-block-group has-global-padding is-layout-constrained wp-block-group-is-layout-constrained\">\n<h2 class=\"wp-block-heading has-text-align-center\">Sirius Shipping<\/h2>\n\n\n\n<hr class=\"wp-block-separator has-alpha-channel-opacity\"\/>\n\n\n\n<blockquote class=\"wp-block-quote is-layout-flow wp-block-quote-is-layout-flow\">\n<p><em>Det var ju ett rej\u00e4lt jobb som ni sk\u00f6tte med glans (Stockholm Tellus)<\/em><\/p>\n<cite><strong>Stefan Johansson<br><\/strong>Technical Superintendent<\/cite><\/blockquote>\n\n\n\n<div style=\"height:65px\" aria-hidden=\"true\" class=\"wp-block-spacer\"><\/div>\n<\/div>\n\n\n\n<div class=\"wp-block-group has-global-padding is-layout-constrained wp-block-group-is-layout-constrained\">\n<h2 class=\"wp-block-heading has-text-align-center\">T\u00e4rntank Ship Management AB<\/h2>\n\n\n\n<hr class=\"wp-block-separator has-alpha-channel-opacity\"\/>\n\n\n\n<blockquote class=\"wp-block-quote is-layout-flow wp-block-quote-is-layout-flow\">\n<p>&#8220;With Great pleasure I&#8217;d like to recommend your service to everybody.&#8221;<\/p>\n<cite><strong>Arkadiusz Chojnowski<\/strong><br>Chief Engineer<\/cite><\/blockquote>\n\n\n\n<div style=\"height:65px\" aria-hidden=\"true\" class=\"wp-block-spacer\"><\/div>\n<\/div>\n\n\n\n<div class=\"wp-block-group has-global-padding is-layout-constrained wp-block-group-is-layout-constrained\">\n<h2 class=\"wp-block-heading has-text-align-center\"><strong>3. MAJ Shipyard JSC<\/strong><\/h2>\n\n\n\n<hr class=\"wp-block-separator has-alpha-channel-opacity\"\/>\n\n\n\n<blockquote class=\"wp-block-quote is-layout-flow wp-block-quote-is-layout-flow\">\n<p>&#8220;Services, provided by GOTA Spare Parts, were on highly professional level, enabling the final product (ship) to be recognised on the market as the valuable one&#8221;<\/p>\n<cite><strong><strong>Sini\u0161a Ostoji\u0107<\/strong><\/strong><br><br><\/cite><\/blockquote>\n\n\n\n<div style=\"height:65px\" aria-hidden=\"true\" class=\"wp-block-spacer\"><\/div>\n<\/div>\n\n\n\n<div class=\"wp-block-group has-global-padding is-layout-constrained wp-block-group-is-layout-constrained\">\n<h2 class=\"wp-block-heading has-text-align-center\">e-Boiler Sweden AB<\/h2>\n\n\n\n<blockquote class=\"wp-block-quote is-layout-flow wp-block-quote-is-layout-flow\">\n<p>&#8220;GOTA Spare is our preferred partner for service &amp; maintenance of our e-Boilers.&#8221;<\/p>\n<cite><strong><strong><strong>Fredrik Lewerth<\/strong><br><\/strong><\/strong>CMO, MScEE<br><br><\/cite><\/blockquote>\n\n\n\n<hr class=\"wp-block-separator has-alpha-channel-opacity\"\/>\n\n\n\n<div style=\"height:65px\" aria-hidden=\"true\" class=\"wp-block-spacer\"><\/div>\n<\/div>\n\n\n\n<div class=\"wp-block-group has-global-padding is-layout-constrained wp-block-group-is-layout-constrained\">\n<h2 class=\"wp-block-heading has-text-align-center\">GESAB<\/h2>\n\n\n\n<blockquote class=\"wp-block-quote is-layout-flow wp-block-quote-is-layout-flow\">\n<p>\u201cGenomg\u00e5ende bra kommunikation och p\u00e5litlig leverans fr\u00e5n start till m\u00e5l.\u201d<\/p>\n<cite><strong>Patrik Nilsson<\/strong><br>Senior Project Manager<br><br><\/cite><\/blockquote>\n\n\n\n<hr class=\"wp-block-separator has-alpha-channel-opacity\"\/>\n\n\n\n<div style=\"height:65px\" aria-hidden=\"true\" class=\"wp-block-spacer\"><\/div>\n<\/div>\n\n\n\n<div class=\"wp-block-group has-global-padding is-layout-constrained wp-block-group-is-layout-constrained\">\n<h2 class=\"wp-block-heading has-text-align-center\">SWEDSNUS<\/h2>\n\n\n\n<blockquote class=\"wp-block-quote is-layout-flow wp-block-quote-is-layout-flow\">\n<p>\u201cImponerad av GOTA Spare Parts &amp; Service och snabba respons.\u201d<\/p>\n<cite><strong>Bo Erik Bj\u00f6rk<\/strong><br>SWEDSNUS<br><br><\/cite><\/blockquote>\n\n\n\n<hr class=\"wp-block-separator has-alpha-channel-opacity\"\/>\n\n\n\n<div style=\"height:65px\" aria-hidden=\"true\" class=\"wp-block-spacer\"><\/div>\n<\/div>\n\n\n\n<p><\/p>\n","protected":false},"excerpt":{"rendered":"<p>Sirius Shipping Det var ju ett rej\u00e4lt jobb som ni sk\u00f6tte med glans (Stockholm Tellus) T\u00e4rntank Ship Management AB &#8220;With Great pleasure I&#8217;d like to recommend your service to everybody.&#8221; 3. MAJ Shipyard JSC &#8220;Services, provided by GOTA Spare Parts, were on highly professional level, enabling the final product (ship) to be recognised on the [&hellip;]<\/p>\n","protected":false},"author":1,"featured_media":0,"parent":0,"menu_order":0,"comment_status":"closed","ping_status":"closed","template":"","meta":{"footnotes":""},"class_list":["post-46","page","type-page","status-publish","hentry"],"yoast_head":"<!-- This site is optimized with the Yoast SEO plugin v25.4 - https:\/\/yoast.com\/wordpress\/plugins\/seo\/ -->\n<title>TESTIMONIALS - GOTA Spare Parts and Service AB<\/title>\n<meta name=\"robots\" content=\"index, follow, max-snippet:-1, max-image-preview:large, max-video-preview:-1\" \/>\n<link rel=\"canonical\" href=\"http:\/\/www.gotaspare.com\/en\/testimonials\/\" \/>\n<meta property=\"og:locale\" content=\"en_US\" \/>\n<meta property=\"og:type\" content=\"article\" \/>\n<meta property=\"og:title\" content=\"TESTIMONIALS - GOTA Spare Parts and Service AB\" \/>\n<meta property=\"og:description\" content=\"Sirius Shipping Det var ju ett rej\u00e4lt jobb som ni sk\u00f6tte med glans (Stockholm Tellus) T\u00e4rntank Ship Management AB &#8220;With Great pleasure I&#8217;d like to recommend your service to everybody.&#8221; 3. MAJ Shipyard JSC &#8220;Services, provided by GOTA Spare Parts, were on highly professional level, enabling the final product (ship) to be recognised on the [&hellip;]\" \/>\n<meta property=\"og:url\" content=\"http:\/\/www.gotaspare.com\/en\/testimonials\/\" \/>\n<meta property=\"og:site_name\" content=\"GOTA Spare Parts and Service AB\" \/>\n<meta property=\"article:modified_time\" content=\"2025-03-14T08:50:05+00:00\" \/>\n<meta name=\"twitter:card\" content=\"summary_large_image\" \/>\n<meta name=\"twitter:label1\" content=\"Est. reading time\" \/>\n\t<meta name=\"twitter:data1\" content=\"1 minute\" \/>\n<script type=\"application\/ld+json\" class=\"yoast-schema-graph\">{\"@context\":\"https:\/\/schema.org\",\"@graph\":[{\"@type\":\"WebPage\",\"@id\":\"http:\/\/www.gotaspare.com\/en\/testimonials\/\",\"url\":\"http:\/\/www.gotaspare.com\/en\/testimonials\/\",\"name\":\"TESTIMONIALS - GOTA Spare Parts and Service AB\",\"isPartOf\":{\"@id\":\"https:\/\/www.gotaspare.com\/en\/#website\"},\"datePublished\":\"2025-01-22T10:45:02+00:00\",\"dateModified\":\"2025-03-14T08:50:05+00:00\",\"breadcrumb\":{\"@id\":\"http:\/\/www.gotaspare.com\/en\/testimonials\/#breadcrumb\"},\"inLanguage\":\"en-US\",\"potentialAction\":[{\"@type\":\"ReadAction\",\"target\":[\"http:\/\/www.gotaspare.com\/en\/testimonials\/\"]}]},{\"@type\":\"BreadcrumbList\",\"@id\":\"http:\/\/www.gotaspare.com\/en\/testimonials\/#breadcrumb\",\"itemListElement\":[{\"@type\":\"ListItem\",\"position\":1,\"name\":\"Home\",\"item\":\"https:\/\/www.gotaspare.com\/en\/\"},{\"@type\":\"ListItem\",\"position\":2,\"name\":\"TESTIMONIALS\"}]},{\"@type\":\"WebSite\",\"@id\":\"https:\/\/www.gotaspare.com\/en\/#website\",\"url\":\"https:\/\/www.gotaspare.com\/en\/\",\"name\":\"GOTA Spare Parts and Service AB\",\"description\":\"\",\"publisher\":{\"@id\":\"https:\/\/www.gotaspare.com\/en\/#organization\"},\"potentialAction\":[{\"@type\":\"SearchAction\",\"target\":{\"@type\":\"EntryPoint\",\"urlTemplate\":\"https:\/\/www.gotaspare.com\/en\/?s={search_term_string}\"},\"query-input\":{\"@type\":\"PropertyValueSpecification\",\"valueRequired\":true,\"valueName\":\"search_term_string\"}}],\"inLanguage\":\"en-US\"},{\"@type\":\"Organization\",\"@id\":\"https:\/\/www.gotaspare.com\/en\/#organization\",\"name\":\"GOTA Spare Parts and Service AB\",\"url\":\"https:\/\/www.gotaspare.com\/en\/\",\"logo\":{\"@type\":\"ImageObject\",\"inLanguage\":\"en-US\",\"@id\":\"https:\/\/www.gotaspare.com\/en\/#\/schema\/logo\/image\/\",\"url\":\"http:\/\/www.gotaspare.com\/wp-content\/uploads\/2025\/01\/GOTA-Main-Logo-2400x1800-1.jpg\",\"contentUrl\":\"http:\/\/www.gotaspare.com\/wp-content\/uploads\/2025\/01\/GOTA-Main-Logo-2400x1800-1.jpg\",\"width\":2400,\"height\":1800,\"caption\":\"GOTA Spare Parts and Service AB\"},\"image\":{\"@id\":\"https:\/\/www.gotaspare.com\/en\/#\/schema\/logo\/image\/\"},\"sameAs\":[\"https:\/\/www.linkedin.com\/company\/gota-spare-parts-and-service-ab\/\"]}]}<\/script>\n<!-- \/ Yoast SEO plugin. -->","yoast_head_json":{"title":"TESTIMONIALS - GOTA Spare Parts and Service AB","robots":{"index":"index","follow":"follow","max-snippet":"max-snippet:-1","max-image-preview":"max-image-preview:large","max-video-preview":"max-video-preview:-1"},"canonical":"http:\/\/www.gotaspare.com\/en\/testimonials\/","og_locale":"en_US","og_type":"article","og_title":"TESTIMONIALS - GOTA Spare Parts and Service AB","og_description":"Sirius Shipping Det var ju ett rej\u00e4lt jobb som ni sk\u00f6tte med glans (Stockholm Tellus) T\u00e4rntank Ship Management AB &#8220;With Great pleasure I&#8217;d like to recommend your service to everybody.&#8221; 3. MAJ Shipyard JSC &#8220;Services, provided by GOTA Spare Parts, were on highly professional level, enabling the final product (ship) to be recognised on the [&hellip;]","og_url":"http:\/\/www.gotaspare.com\/en\/testimonials\/","og_site_name":"GOTA Spare Parts and Service AB","article_modified_time":"2025-03-14T08:50:05+00:00","twitter_card":"summary_large_image","twitter_misc":{"Est. reading time":"1 minute"},"schema":{"@context":"https:\/\/schema.org","@graph":[{"@type":"WebPage","@id":"http:\/\/www.gotaspare.com\/en\/testimonials\/","url":"http:\/\/www.gotaspare.com\/en\/testimonials\/","name":"TESTIMONIALS - GOTA Spare Parts and Service AB","isPartOf":{"@id":"https:\/\/www.gotaspare.com\/en\/#website"},"datePublished":"2025-01-22T10:45:02+00:00","dateModified":"2025-03-14T08:50:05+00:00","breadcrumb":{"@id":"http:\/\/www.gotaspare.com\/en\/testimonials\/#breadcrumb"},"inLanguage":"en-US","potentialAction":[{"@type":"ReadAction","target":["http:\/\/www.gotaspare.com\/en\/testimonials\/"]}]},{"@type":"BreadcrumbList","@id":"http:\/\/www.gotaspare.com\/en\/testimonials\/#breadcrumb","itemListElement":[{"@type":"ListItem","position":1,"name":"Home","item":"https:\/\/www.gotaspare.com\/en\/"},{"@type":"ListItem","position":2,"name":"TESTIMONIALS"}]},{"@type":"WebSite","@id":"https:\/\/www.gotaspare.com\/en\/#website","url":"https:\/\/www.gotaspare.com\/en\/","name":"GOTA Spare Parts and Service AB","description":"","publisher":{"@id":"https:\/\/www.gotaspare.com\/en\/#organization"},"potentialAction":[{"@type":"SearchAction","target":{"@type":"EntryPoint","urlTemplate":"https:\/\/www.gotaspare.com\/en\/?s={search_term_string}"},"query-input":{"@type":"PropertyValueSpecification","valueRequired":true,"valueName":"search_term_string"}}],"inLanguage":"en-US"},{"@type":"Organization","@id":"https:\/\/www.gotaspare.com\/en\/#organization","name":"GOTA Spare Parts and Service AB","url":"https:\/\/www.gotaspare.com\/en\/","logo":{"@type":"ImageObject","inLanguage":"en-US","@id":"https:\/\/www.gotaspare.com\/en\/#\/schema\/logo\/image\/","url":"http:\/\/www.gotaspare.com\/wp-content\/uploads\/2025\/01\/GOTA-Main-Logo-2400x1800-1.jpg","contentUrl":"http:\/\/www.gotaspare.com\/wp-content\/uploads\/2025\/01\/GOTA-Main-Logo-2400x1800-1.jpg","width":2400,"height":1800,"caption":"GOTA Spare Parts and Service AB"},"image":{"@id":"https:\/\/www.gotaspare.com\/en\/#\/schema\/logo\/image\/"},"sameAs":["https:\/\/www.linkedin.com\/company\/gota-spare-parts-and-service-ab\/"]}]}},"_links":{"self":[{"href":"http:\/\/www.gotaspare.com\/en\/wp-json\/wp\/v2\/pages\/46","targetHints":{"allow":["GET"]}}],"collection":[{"href":"http:\/\/www.gotaspare.com\/en\/wp-json\/wp\/v2\/pages"}],"about":[{"href":"http:\/\/www.gotaspare.com\/en\/wp-json\/wp\/v2\/types\/page"}],"author":[{"embeddable":true,"href":"http:\/\/www.gotaspare.com\/en\/wp-json\/wp\/v2\/users\/1"}],"replies":[{"embeddable":true,"href":"http:\/\/www.gotaspare.com\/en\/wp-json\/wp\/v2\/comments?post=46"}],"version-history":[{"count":12,"href":"http:\/\/www.gotaspare.com\/en\/wp-json\/wp\/v2\/pages\/46\/revisions"}],"predecessor-version":[{"id":264,"href":"http:\/\/www.gotaspare.com\/en\/wp-json\/wp\/v2\/pages\/46\/revisions\/264"}],"wp:attachment":[{"href":"http:\/\/www.gotaspare.com\/en\/wp-json\/wp\/v2\/media?parent=46"}],"curies":[{"name":"wp","href":"https:\/\/api.w.org\/{rel}","templated":true}]}}