{"id":17,"date":"2025-01-21T14:47:58","date_gmt":"2025-01-21T13:47:58","guid":{"rendered":"http:\/\/www.gotaspare.com\/?page_id=17"},"modified":"2025-02-13T10:49:43","modified_gmt":"2025-02-13T09:49:43","slug":"home","status":"publish","type":"page","link":"https:\/\/www.gotaspare.com\/sv\/","title":{"rendered":"HEM"},"content":{"rendered":"<div class=\"wp-block-group has-global-padding is-layout-constrained wp-block-group-is-layout-constrained\">\n<h2 class=\"wp-block-heading has-text-align-center\"><strong>V\u00e4lkommen till GOTA Spare Parts and Service AB<\/strong><\/h2>\n\n\n\n<p class=\"has-text-align-center has-regular-font-size\">Hos <strong>GOTA,<\/strong>\u00e4r vi specialister p\u00e5 maritim och industriell service i G\u00f6teborg med fokus p\u00e5 underh\u00e5ll, reparationer och leverans av reservdelar f\u00f6r v\u00e4rmesystem och pannor. Med l\u00e5ng erfarenhet och snabb respons levererar vi h\u00f6gkvalitativa l\u00f6sningar som s\u00e4kerst\u00e4ller att b\u00e5de fartyg och industrianl\u00e4ggningar fungerar smidigt och effektivt.<\/p>\n\n\n\n<div style=\"height:70px\" aria-hidden=\"true\" class=\"wp-block-spacer\"><\/div>\n<\/div>\n\n\n\n<div class=\"wp-block-group alignfull has-global-padding is-layout-constrained wp-block-group-is-layout-constrained\">\n<div style=\"background-image:url(&#039;http:\/\/www.gotaspare.com\/wp-content\/uploads\/2025\/01\/pexels-timmossholder-1708830-scaled.jpg&#039;);background-position:50% 49%;background-size:cover;\" class=\"wp-block-group alignfull has-global-padding is-layout-constrained wp-block-group-is-layout-constrained has-background\">\n<div style=\"height:41px\" aria-hidden=\"true\" class=\"wp-block-spacer\"><\/div>\n\n\n\n<div class=\"wp-block-group has-global-padding is-layout-constrained wp-block-group-is-layout-constrained\">\n<h2 class=\"wp-block-heading has-text-align-center has-base-color has-text-color has-link-color wp-elements-cd25c4fad60a05dda3c3a31ecc068fc6\">V\u00c5RA TJ\u00c4NSTER<\/h2>\n\n\n\n<h3 class=\"wp-block-heading has-text-align-center has-base-color has-text-color has-link-color wp-elements-7daca8b77b6b386de08e25cfe8f807b2\">TEKNISK SUPPORT<\/h3>\n\n\n\n<p class=\"has-text-align-center has-base-color has-text-color has-link-color has-regular-font-size wp-elements-c8b8ad15cdc78954d6dfc762ccad5c7f\">Hj\u00e4lp med fels\u00f6kning och probleml\u00f6sning f\u00f6r b\u00e5de fartyg och landbaserade industrier.<\/p>\n\n\n\n<div style=\"height:25px\" aria-hidden=\"true\" class=\"wp-block-spacer\"><\/div>\n\n\n\n<hr class=\"wp-block-separator has-text-color has-base-color has-alpha-channel-opacity has-base-background-color has-background\"\/>\n\n\n\n<div style=\"height:25px\" aria-hidden=\"true\" class=\"wp-block-spacer\"><\/div>\n\n\n\n<h3 class=\"wp-block-heading has-text-align-center has-base-color has-text-color has-link-color wp-elements-ea0ede02c327d52b244b5ab108023d64\">RESERVDELAR<\/h3>\n\n\n\n<p class=\"has-text-align-center has-base-color has-text-color has-link-color has-regular-font-size wp-elements-100619643e41572f1b62c6f3454d3326\">Snabb leverans av p\u00e5litliga komponenter f\u00f6r v\u00e4rme- och pannsystem inom maritim och industriell sektor.<\/p>\n\n\n\n<div style=\"height:25px\" aria-hidden=\"true\" class=\"wp-block-spacer\"><\/div>\n\n\n\n<hr class=\"wp-block-separator has-text-color has-base-color has-alpha-channel-opacity has-base-background-color has-background\"\/>\n\n\n\n<div style=\"height:25px\" aria-hidden=\"true\" class=\"wp-block-spacer\"><\/div>\n\n\n\n<h3 class=\"wp-block-heading has-text-align-center has-base-color has-text-color has-link-color wp-elements-ab0b85e8e848e0f389fc9f449a5372cd\">UNDERH\u00c5LL O REPARATIONER<\/h3>\n\n\n\n<p class=\"has-text-align-center has-base-color has-text-color has-link-color has-regular-font-size wp-elements-f8258e0847708c4dd0cb7058ad388631\">Effektiva och h\u00e5llbara l\u00f6sningar f\u00f6r att minimera driftstopp och f\u00f6rb\u00e4ttra prestandan, b\u00e5de till sj\u00f6ss och p\u00e5 land.<\/p>\n\n\n\n<div style=\"height:25px\" aria-hidden=\"true\" class=\"wp-block-spacer\"><\/div>\n\n\n\n<hr class=\"wp-block-separator has-text-color has-base-color has-alpha-channel-opacity has-base-background-color has-background\"\/>\n\n\n\n<div style=\"height:25px\" aria-hidden=\"true\" class=\"wp-block-spacer\"><\/div>\n\n\n\n<h3 class=\"wp-block-heading has-text-align-center has-base-color has-text-color has-link-color wp-elements-996709b8942954d0f5792d7388ca0248\">PROJEKTLEDNING<\/h3>\n\n\n\n<p class=\"has-text-align-center has-base-color has-text-color has-link-color has-regular-font-size wp-elements-cc1ca646bf83ccb12cd2f0056236a643 translation-block\">I samarbete med <strong>GESAB<\/strong>, erbjuder vi skr\u00e4ddarsydda l\u00f6sningar f\u00f6r komplexa projekt och renoveringar, oavsett om det g\u00e4ller fartyg eller anl\u00e4ggningar p\u00e5 land.<\/p>\n\n\n\n<div style=\"height:25px\" aria-hidden=\"true\" class=\"wp-block-spacer\"><\/div>\n<\/div>\n<\/div>\n<\/div>\n\n\n\n<div class=\"wp-block-group has-primary-background-color has-background has-global-padding is-layout-constrained wp-block-group-is-layout-constrained\">\n<div class=\"wp-block-group has-body-text-color has-text-color has-link-color wp-elements-0dd6a8b3f9d724efcfb71704b9063109 has-global-padding is-layout-constrained wp-block-group-is-layout-constrained\">\n<div style=\"height:25px\" aria-hidden=\"true\" class=\"wp-block-spacer\"><\/div>\n\n\n\n<h2 class=\"wp-block-heading has-text-align-center\">VARF\u00d6R V\u00c4LJA OSS?<\/h2>\n\n\n\n<div style=\"height:25px\" aria-hidden=\"true\" class=\"wp-block-spacer\"><\/div>\n\n\n\n<h3 class=\"wp-block-heading has-text-align-center\">SNABB SERVICE<\/h3>\n\n\n\n<p class=\"has-text-align-center has-regular-font-size\">Vi arbetar b\u00e5de med fartygssystem och industriella anl\u00e4ggningar, till exempel Volvo, Estrella och MDF.<\/p>\n\n\n\n<div style=\"height:25px\" aria-hidden=\"true\" class=\"wp-block-spacer\"><\/div>\n\n\n\n<hr class=\"wp-block-separator has-alpha-channel-opacity\"\/>\n\n\n\n<div style=\"height:25px\" aria-hidden=\"true\" class=\"wp-block-spacer\"><\/div>\n\n\n\n<h3 class=\"wp-block-heading has-text-align-center\">BRED KOMPETENS<\/h3>\n\n\n\n<p class=\"has-text-align-center has-regular-font-size\">Vi arbetar b\u00e5de med fartygssystem och industriella anl\u00e4ggningar, till exempel Volvo, Estrella och MDF.<\/p>\n\n\n\n<div style=\"height:25px\" aria-hidden=\"true\" class=\"wp-block-spacer\"><\/div>\n\n\n\n<hr class=\"wp-block-separator has-alpha-channel-opacity\"\/>\n\n\n\n<div style=\"height:25px\" aria-hidden=\"true\" class=\"wp-block-spacer\"><\/div>\n\n\n\n<h3 class=\"wp-block-heading has-text-align-center\">H\u00d6GKVALITATIVA L\u00d6SNINGAR<\/h3>\n\n\n\n<p class=\"has-text-align-center has-regular-font-size\">V\u00e5ra tj\u00e4nster \u00e4r anpassade f\u00f6r att uppfylla de specifika kraven inom b\u00e5de sj\u00f6farts- och industrisektorn.<\/p>\n\n\n\n<div style=\"height:30px\" aria-hidden=\"true\" class=\"wp-block-spacer\"><\/div>\n\n\n\n<div style=\"height:60px\" aria-hidden=\"true\" class=\"wp-block-spacer\"><\/div>\n<\/div>\n<\/div>\n\n\n\n<hr class=\"wp-block-separator has-alpha-channel-opacity\" style=\"margin-top:var(--wp--preset--spacing--20);margin-bottom:var(--wp--preset--spacing--20)\"\/>\n\n\n\n<div style=\"background-image:url(&#039;http:\/\/www.gotaspare.com\/wp-content\/uploads\/2025\/01\/pexels-tomfisk-1554646-scaled.jpg&#039;);background-position:52% 16%;background-size:cover;\" class=\"wp-block-group has-global-padding is-layout-constrained wp-block-group-is-layout-constrained has-background\">\n<h2 class=\"wp-block-heading has-text-align-center has-base-color has-text-color has-link-color wp-elements-f587e4e23027c490b310aa1d1e070d8e\">KONTAKTA OSS<\/h2>\n\n\n\n<p class=\"has-text-align-center has-base-color has-text-color has-link-color has-regular-font-size wp-elements-26a56ff8efeb526bb06bf89915f01730\">Vill du veta mer om hur vi kan hj\u00e4lpa din verksamhet? <\/p>\n\n\n\n<p class=\"has-text-align-center has-base-color has-text-color has-link-color has-regular-font-size wp-elements-6ea9a0212a137d9dd871f2e5915c38a0 translation-block\">H\u00f6r av dig till oss via v\u00e5rt <a href=\"#CONTACT\" data-type=\"internal\" data-id=\"#CONTACT\" target=\"_self\"><strong>kontaktformul\u00e4r<\/strong><\/a>.. V\u00e4lj mellan kategorier som,  <strong>Allm\u00e4nt<\/strong>,  <strong>Order<\/strong>, <strong>Offert<\/strong>, <strong>Teknisk support<\/strong> eller <strong>\u00d6vrigt<\/strong>, s\u00e5 ser vi till att du f\u00e5r r\u00e4tt hj\u00e4lp snabbt.<\/p>\n\n\n\n<div style=\"height:100px\" aria-hidden=\"true\" class=\"wp-block-spacer\"><\/div>\n<\/div>","protected":false},"excerpt":{"rendered":"<p>Welcome to GOTA Spare Parts and Service AB At GOTA, we specialize in maritime services located in G\u00f6teborg with a focus on the maintenance, repair, and supply of spare parts for ship boilers and heating systems. With extensive experience and fast response times, we deliver high-quality solutions to ensure your operations run smoothly and efficiently. [&hellip;]<\/p>","protected":false},"author":1,"featured_media":0,"parent":0,"menu_order":0,"comment_status":"closed","ping_status":"closed","template":"","meta":{"footnotes":""},"class_list":["post-17","page","type-page","status-publish","hentry"],"yoast_head":"<!-- This site is optimized with the Yoast SEO plugin v25.4 - https:\/\/yoast.com\/wordpress\/plugins\/seo\/ -->\n<title>HOME - GOTA Spare Parts and Service AB<\/title>\n<meta name=\"robots\" content=\"index, follow, max-snippet:-1, max-image-preview:large, max-video-preview:-1\" \/>\n<link rel=\"canonical\" href=\"https:\/\/www.gotaspare.com\/sv\/\" \/>\n<meta property=\"og:locale\" content=\"sv_SE\" \/>\n<meta property=\"og:type\" content=\"article\" \/>\n<meta property=\"og:title\" content=\"HOME - GOTA Spare Parts and Service AB\" \/>\n<meta property=\"og:description\" content=\"Welcome to GOTA Spare Parts and Service AB At GOTA, we specialize in maritime services located in G\u00f6teborg with a focus on the maintenance, repair, and supply of spare parts for ship boilers and heating systems. With extensive experience and fast response times, we deliver high-quality solutions to ensure your operations run smoothly and efficiently. [&hellip;]\" \/>\n<meta property=\"og:url\" content=\"https:\/\/www.gotaspare.com\/sv\/\" \/>\n<meta property=\"og:site_name\" content=\"GOTA Spare Parts and Service AB\" \/>\n<meta property=\"article:modified_time\" content=\"2025-02-13T09:49:43+00:00\" \/>\n<meta name=\"twitter:card\" content=\"summary_large_image\" \/>\n<meta name=\"twitter:label1\" content=\"Ber\u00e4knad l\u00e4stid\" \/>\n\t<meta name=\"twitter:data1\" content=\"1 minut\" \/>\n<script type=\"application\/ld+json\" class=\"yoast-schema-graph\">{\"@context\":\"https:\/\/schema.org\",\"@graph\":[{\"@type\":\"WebPage\",\"@id\":\"https:\/\/www.gotaspare.com\/en\/\",\"url\":\"https:\/\/www.gotaspare.com\/en\/\",\"name\":\"HOME - GOTA Spare Parts and Service AB\",\"isPartOf\":{\"@id\":\"https:\/\/www.gotaspare.com\/en\/#website\"},\"datePublished\":\"2025-01-21T13:47:58+00:00\",\"dateModified\":\"2025-02-13T09:49:43+00:00\",\"breadcrumb\":{\"@id\":\"https:\/\/www.gotaspare.com\/en\/#breadcrumb\"},\"inLanguage\":\"sv-SE\",\"potentialAction\":[{\"@type\":\"ReadAction\",\"target\":[\"https:\/\/www.gotaspare.com\/en\/\"]}]},{\"@type\":\"BreadcrumbList\",\"@id\":\"https:\/\/www.gotaspare.com\/en\/#breadcrumb\",\"itemListElement\":[{\"@type\":\"ListItem\",\"position\":1,\"name\":\"Home\",\"item\":\"https:\/\/www.gotaspare.com\/en\/\"},{\"@type\":\"ListItem\",\"position\":2,\"name\":\"HOME\"}]},{\"@type\":\"WebSite\",\"@id\":\"https:\/\/www.gotaspare.com\/en\/#website\",\"url\":\"https:\/\/www.gotaspare.com\/en\/\",\"name\":\"GOTA Spare Parts and Service AB\",\"description\":\"\",\"publisher\":{\"@id\":\"https:\/\/www.gotaspare.com\/en\/#organization\"},\"potentialAction\":[{\"@type\":\"SearchAction\",\"target\":{\"@type\":\"EntryPoint\",\"urlTemplate\":\"https:\/\/www.gotaspare.com\/en\/?s={search_term_string}\"},\"query-input\":{\"@type\":\"PropertyValueSpecification\",\"valueRequired\":true,\"valueName\":\"search_term_string\"}}],\"inLanguage\":\"sv-SE\"},{\"@type\":\"Organization\",\"@id\":\"https:\/\/www.gotaspare.com\/en\/#organization\",\"name\":\"GOTA Spare Parts and Service AB\",\"url\":\"https:\/\/www.gotaspare.com\/en\/\",\"logo\":{\"@type\":\"ImageObject\",\"inLanguage\":\"sv-SE\",\"@id\":\"https:\/\/www.gotaspare.com\/en\/#\/schema\/logo\/image\/\",\"url\":\"https:\/\/www.gotaspare.com\/wp-content\/uploads\/2025\/01\/GOTA-Main-Logo-2400x1800-1.jpg\",\"contentUrl\":\"https:\/\/www.gotaspare.com\/wp-content\/uploads\/2025\/01\/GOTA-Main-Logo-2400x1800-1.jpg\",\"width\":2400,\"height\":1800,\"caption\":\"GOTA Spare Parts and Service AB\"},\"image\":{\"@id\":\"https:\/\/www.gotaspare.com\/en\/#\/schema\/logo\/image\/\"},\"sameAs\":[\"https:\/\/www.linkedin.com\/company\/gota-spare-parts-and-service-ab\/\"]}]}<\/script>\n<!-- \/ Yoast SEO plugin. -->","yoast_head_json":{"title":"HOME - GOTA Spare Parts and Service AB","robots":{"index":"index","follow":"follow","max-snippet":"max-snippet:-1","max-image-preview":"max-image-preview:large","max-video-preview":"max-video-preview:-1"},"canonical":"https:\/\/www.gotaspare.com\/sv\/","og_locale":"sv_SE","og_type":"article","og_title":"HOME - GOTA Spare Parts and Service AB","og_description":"Welcome to GOTA Spare Parts and Service AB At GOTA, we specialize in maritime services located in G\u00f6teborg with a focus on the maintenance, repair, and supply of spare parts for ship boilers and heating systems. With extensive experience and fast response times, we deliver high-quality solutions to ensure your operations run smoothly and efficiently. [&hellip;]","og_url":"https:\/\/www.gotaspare.com\/sv\/","og_site_name":"GOTA Spare Parts and Service AB","article_modified_time":"2025-02-13T09:49:43+00:00","twitter_card":"summary_large_image","twitter_misc":{"Ber\u00e4knad l\u00e4stid":"1 minut"},"schema":{"@context":"https:\/\/schema.org","@graph":[{"@type":"WebPage","@id":"https:\/\/www.gotaspare.com\/en\/","url":"https:\/\/www.gotaspare.com\/en\/","name":"HOME - GOTA Spare Parts and Service AB","isPartOf":{"@id":"https:\/\/www.gotaspare.com\/en\/#website"},"datePublished":"2025-01-21T13:47:58+00:00","dateModified":"2025-02-13T09:49:43+00:00","breadcrumb":{"@id":"https:\/\/www.gotaspare.com\/en\/#breadcrumb"},"inLanguage":"sv-SE","potentialAction":[{"@type":"ReadAction","target":["https:\/\/www.gotaspare.com\/en\/"]}]},{"@type":"BreadcrumbList","@id":"https:\/\/www.gotaspare.com\/en\/#breadcrumb","itemListElement":[{"@type":"ListItem","position":1,"name":"Home","item":"https:\/\/www.gotaspare.com\/en\/"},{"@type":"ListItem","position":2,"name":"HOME"}]},{"@type":"WebSite","@id":"https:\/\/www.gotaspare.com\/en\/#website","url":"https:\/\/www.gotaspare.com\/en\/","name":"GOTA Spare Parts and Service AB","description":"","publisher":{"@id":"https:\/\/www.gotaspare.com\/en\/#organization"},"potentialAction":[{"@type":"SearchAction","target":{"@type":"EntryPoint","urlTemplate":"https:\/\/www.gotaspare.com\/en\/?s={search_term_string}"},"query-input":{"@type":"PropertyValueSpecification","valueRequired":true,"valueName":"search_term_string"}}],"inLanguage":"sv-SE"},{"@type":"Organization","@id":"https:\/\/www.gotaspare.com\/en\/#organization","name":"GOTA Spare Parts and Service AB","url":"https:\/\/www.gotaspare.com\/en\/","logo":{"@type":"ImageObject","inLanguage":"sv-SE","@id":"https:\/\/www.gotaspare.com\/en\/#\/schema\/logo\/image\/","url":"https:\/\/www.gotaspare.com\/wp-content\/uploads\/2025\/01\/GOTA-Main-Logo-2400x1800-1.jpg","contentUrl":"https:\/\/www.gotaspare.com\/wp-content\/uploads\/2025\/01\/GOTA-Main-Logo-2400x1800-1.jpg","width":2400,"height":1800,"caption":"GOTA Spare Parts and Service AB"},"image":{"@id":"https:\/\/www.gotaspare.com\/en\/#\/schema\/logo\/image\/"},"sameAs":["https:\/\/www.linkedin.com\/company\/gota-spare-parts-and-service-ab\/"]}]}},"_links":{"self":[{"href":"https:\/\/www.gotaspare.com\/sv\/wp-json\/wp\/v2\/pages\/17","targetHints":{"allow":["GET"]}}],"collection":[{"href":"https:\/\/www.gotaspare.com\/sv\/wp-json\/wp\/v2\/pages"}],"about":[{"href":"https:\/\/www.gotaspare.com\/sv\/wp-json\/wp\/v2\/types\/page"}],"author":[{"embeddable":true,"href":"https:\/\/www.gotaspare.com\/sv\/wp-json\/wp\/v2\/users\/1"}],"replies":[{"embeddable":true,"href":"https:\/\/www.gotaspare.com\/sv\/wp-json\/wp\/v2\/comments?post=17"}],"version-history":[{"count":10,"href":"https:\/\/www.gotaspare.com\/sv\/wp-json\/wp\/v2\/pages\/17\/revisions"}],"predecessor-version":[{"id":250,"href":"https:\/\/www.gotaspare.com\/sv\/wp-json\/wp\/v2\/pages\/17\/revisions\/250"}],"wp:attachment":[{"href":"https:\/\/www.gotaspare.com\/sv\/wp-json\/wp\/v2\/media?parent=17"}],"curies":[{"name":"wp","href":"https:\/\/api.w.org\/{rel}","templated":true}]}}